{"id":774,"date":"2018-09-23T16:50:31","date_gmt":"2018-09-23T16:50:31","guid":{"rendered":"http:\/\/vassallolorna.com\/web\/?page_id=774"},"modified":"2019-04-24T17:10:51","modified_gmt":"2019-04-24T17:10:51","slug":"activities","status":"publish","type":"page","link":"http:\/\/vassallolorna.com\/web\/activities\/","title":{"rendered":"Activities"},"content":{"rendered":"<p><img loading=\"lazy\" class=\"aligncenter  wp-image-1244\" src=\"http:\/\/vassallolorna.com\/web\/wp-content\/uploads\/2019\/04\/Poster-29.04.19-232x300.jpg\" alt=\"\" width=\"569\" height=\"735\" srcset=\"http:\/\/vassallolorna.com\/web\/wp-content\/uploads\/2019\/04\/Poster-29.04.19-232x300.jpg 232w, http:\/\/vassallolorna.com\/web\/wp-content\/uploads\/2019\/04\/Poster-29.04.19.jpg 566w\" sizes=\"(max-width: 569px) 100vw, 569px\" \/><\/p>\n<p><img loading=\"lazy\" class=\"aligncenter  wp-image-1221\" src=\"http:\/\/vassallolorna.com\/web\/wp-content\/uploads\/2019\/04\/Poster-19.04.19-237x300.png\" alt=\"\" width=\"570\" height=\"722\" srcset=\"http:\/\/vassallolorna.com\/web\/wp-content\/uploads\/2019\/04\/Poster-19.04.19-237x300.png 237w, http:\/\/vassallolorna.com\/web\/wp-content\/uploads\/2019\/04\/Poster-19.04.19.png 645w\" sizes=\"(max-width: 570px) 100vw, 570px\" \/><\/p>\n<p style=\"text-align: center;\"><strong>INFORMAZZJONI \u0120ENERALI DWAR L-ATTIVITAJIET<\/strong><\/p>\n<p style=\"text-align: center;\"><strong>ORGANIZZATI MIT-TIM LORNA VASSALLO<\/strong><\/p>\n<p style=\"text-align: center;\"><strong>\u00a0<\/strong><\/p>\n<p style=\"text-align: center;\"><strong><em>GENERAL INFORMATION ABOUT ACTIVITIES<\/em><\/strong><\/p>\n<p style=\"text-align: center;\"><strong><em>ORGANISED BY LORNA VASSALLO\u2019S TEAM<\/em><\/strong><\/p>\n<p style=\"text-align: center;\">Normalment l-attivitajiet ta\u2019 Lorna Vassallo jsiru dejjem \u0121ewwa Soreda Hotel, il-Qawra. Dejjem ji\u0121i pprovdut trasport b\u2019xejn u parke\u0121\u0121 b\u2019xejn huwa wkoll pprovdut skont id-disponibbilt\u00e0 ta\u0127t il-lukanda g\u0127al dawk li jixtiequ ju\u017caw it-trasport tag\u0127hom.<\/p>\n<p style=\"text-align: center;\"><em>Usually, all Lorna Vassallo\u2019s activities take place at Soreda Hotel, Qawra.\u00a0 Free transport is always provided and free parking is also provided according to availability underneath the hotel for those who have their own transport. <\/em><\/p>\n<p style=\"text-align: center;\">Kull min jattendi g\u0127all-attivitajiet ta\u2019 Lorna Vassallo li jiswew aktar minn \u20ac15-il (inklu\u017ci Buffet Breakfasts, Buffet Lunches u Buffet Dinners), bil-biljett tal-attivit\u00e0 stess, ming\u0127ajr ma j\u0127allas xejn iktar, l-istess biljetti tal-attivitajiet se jintefg\u0127u urna g\u0127al lotterija li ser tittella\u2019 e\u017catt qabel l-elezzjoni ta\u2019 Mejju 2019.\u00a0 Kull min jattendi l-attivitajiet, g\u0127alhekk, importanti jikteb ismu, kunjomu, indirizz, numru tal-mobile u imejl fuq wara tal-biljett u jag\u0127tih lil-lukanda meta jie\u0127u l-ikel.\u00a0 Ir-rigali li ser jittellg\u0127u f\u2019din il-lotterija huma:<\/p>\n<p style=\"text-align: center;\"><em>However attends any of Lorna Vassallo\u2019s activities which cost more than \u20ac15 (Buffet Breakfasts, Buffet Lunches and Buffet Dinners included), with the activity tickets itself, and without paying anything extra, the same activity tickets will then be put in an urn for a lottery to be drawn right before the May 2019 election.\u00a0 It is very important, therefore, that whoever attends these activities, writes down his\/her name, address, mobile number and email address at the back side of the ticket u gives it to the hotel at the food counter. The prizes that will be drawn as part of this lottery are: <\/em><\/p>\n<p style=\"text-align: center;\"><strong>L-ewwel Premju<\/strong><\/p>\n<p style=\"text-align: center;\">7t ijiem Dubai, g\u0127al tnejn min-nies, f\u2019lukanda \u0127ames stilel, data tintag\u0127\u017cel mir-rebbie\u0127a (b\u2019\u010berta kundizzjonijiet minimi)<\/p>\n<p style=\"text-align: center;\">Valur: \u20ac3,000 &#8211; \u20ac4,000 (skont i\u017c-\u017cmien tas-sena meta tittie\u0127ed)<\/p>\n<p style=\"text-align: center;\"><strong><em>First Prize<\/em><\/strong><\/p>\n<p style=\"text-align: center;\"><em>7 days Dubai, for 2 people, in a 5-star Hotel, <\/em><\/p>\n<p style=\"text-align: center;\"><em>at a date to be chosen by the winner<\/em><\/p>\n<p style=\"text-align: center;\"><em>(subject to very small limitations)<\/em><\/p>\n<p style=\"text-align: center;\"><em>Value: \u20ac3,000 &#8211; \u20ac4,000 <\/em><\/p>\n<p style=\"text-align: center;\"><em>(depending on the time of the year when availed of)<\/em><\/p>\n<p style=\"text-align: center;\"><strong>t-Tieni Premju<\/strong><\/p>\n<p style=\"text-align: center;\">Skultura li titwa\u0127\u0127al mal-\u0127ajt<\/p>\n<p style=\"text-align: center;\">tal-artist u skultur Malti<\/p>\n<p style=\"text-align: center;\">Archer Charles<\/p>\n<p style=\"text-align: center;\">(\u20ac931)<\/p>\n<p style=\"text-align: center;\"><strong><em>Second Prize<\/em><\/strong><\/p>\n<p style=\"text-align: center;\"><em>A wall-mounted sculpture by local artist<\/em><\/p>\n<p style=\"text-align: center;\"><em>Archer Charles<\/em><\/p>\n<p style=\"text-align: center;\"><em>Value: \u20ac931<\/em><\/p>\n<p style=\"text-align: center;\">Aktar rigali ji\u0121u m\u0127abbra aktar \u2019il quddiem<\/p>\n<p style=\"text-align: center;\"><em>More gifts will be announced later<\/em><\/p>\n<p style=\"text-align: center;\">Ma\u2019 kull mejda ta\u2019 sitt adulti li tibbukkjaw u li t\u0127allsu <strong>qabel id-data<\/strong> ta\u2019 Sunday Lunches u Buffet Dinners, min i\u0127allas jie\u0127u vaw\u010ber tal-g\u0127a\u017cla tieg\u0127u tal-valur ta\u2019 madwar \u20ac20 b\u2019xejn.\u00a0 Vaw\u010bers jikkonsistu f\u2019vaw\u010bers tal-ikel, affarijiet tal-iskola, servizz ta\u2019 taxi, beautician, hairdressers, kejkijiet u rigali o\u0127ra.<\/p>\n<p style=\"text-align: center;\"><em>With every table of six adults that is <strong>paid before the date of the event<\/strong>, in case of Sunday Lunches and Buffet Dinners, whoever pays is entitled to a voucher of his\/her own choice of a value of around \u20ac20.\u00a0 Vouchers can vary from restaurant vouchers, school items, taxi services, beauticians and hairdressing services, cakes as well as other types of vouchers.\u00a0 <\/em><\/p>\n<p style=\"text-align: center;\">\u0126lasijiet isiru b\u2019Paypal, \u010bekk, bank transfer jew flus kontanti M\u0121arr, Mellie\u0127a, Qawra, Bir\u017cebbugia jew Belt Valletta.\u00a0 Min ma j\u0127allasx bi flus normalment ji\u0121bor il-biljetti mal-bieb dakinhar tal-attivit\u00e0.<\/p>\n<p style=\"text-align: center;\"><em>Payments are to be made by means of Paypal, cheque, bank transfer or cash in M\u0121arr, Mellie\u0127a, Qawra, Bir\u017cebbugia or Valletta.\u00a0 Whoever does not pay cash, normally picks up his\/her tickets at the door on the day of the activity. <\/em><\/p>\n<p style=\"text-align: center;\"><em>\u00a0<\/em><\/p>\n<p style=\"text-align: center;\"><em>\u00a0<\/em><\/p>\n<p style=\"text-align: center;\">\u010aempel fuq 79443906 g\u0127all-informazzjoni s\u0127i\u0127a.<\/p>\n<p style=\"text-align: center;\"><em>Phone on 79443906 for all details.<\/em><\/p>\n[\/vc_column_text][\/vc_column][\/vc_row][vc_row][vc_column][\/vc_column][\/vc_row]\n","protected":false},"excerpt":{"rendered":"<p>INFORMAZZJONI \u0120ENERALI DWAR L-ATTIVITAJIET ORGANIZZATI MIT-TIM LORNA VASSALLO \u00a0 GENERAL INFORMATION ABOUT ACTIVITIES ORGANISED BY LORNA VASSALLO\u2019S TEAM Normalment l-attivitajiet ta\u2019 Lorna Vassallo jsiru dejjem \u0121ewwa Soreda Hotel, il-Qawra. Dejjem ji\u0121i pprovdut trasport b\u2019xejn u parke\u0121\u0121 b\u2019xejn huwa wkoll pprovdut skont id-disponibbilt\u00e0 ta\u0127t il-lukanda g\u0127al dawk li jixtiequ ju\u017caw it-trasport tag\u0127hom. Usually, all Lorna Vassallo\u2019s<\/p>\n<div class=\"padding-top text-center\"><a href=\"http:\/\/vassallolorna.com\/web\/activities\/\" class=\"atbtn atbtn--medium atbtn--rounded atbtn--transparent\">Read more<i class=\"atbtn__icon atbtn__icon--right fa fa-long-arrow-right\"><\/i><\/a><\/div>\n","protected":false},"author":1,"featured_media":0,"parent":0,"menu_order":0,"comment_status":"closed","ping_status":"closed","template":"","meta":[],"_links":{"self":[{"href":"http:\/\/vassallolorna.com\/web\/wp-json\/wp\/v2\/pages\/774"}],"collection":[{"href":"http:\/\/vassallolorna.com\/web\/wp-json\/wp\/v2\/pages"}],"about":[{"href":"http:\/\/vassallolorna.com\/web\/wp-json\/wp\/v2\/types\/page"}],"author":[{"embeddable":true,"href":"http:\/\/vassallolorna.com\/web\/wp-json\/wp\/v2\/users\/1"}],"replies":[{"embeddable":true,"href":"http:\/\/vassallolorna.com\/web\/wp-json\/wp\/v2\/comments?post=774"}],"version-history":[{"count":25,"href":"http:\/\/vassallolorna.com\/web\/wp-json\/wp\/v2\/pages\/774\/revisions"}],"predecessor-version":[{"id":1255,"href":"http:\/\/vassallolorna.com\/web\/wp-json\/wp\/v2\/pages\/774\/revisions\/1255"}],"wp:attachment":[{"href":"http:\/\/vassallolorna.com\/web\/wp-json\/wp\/v2\/media?parent=774"}],"curies":[{"name":"wp","href":"https:\/\/api.w.org\/{rel}","templated":true}]}}