{"id":500,"date":"2018-09-04T07:15:59","date_gmt":"2018-09-04T07:15:59","guid":{"rendered":"http:\/\/vassallolorna.com\/web\/?page_id=500"},"modified":"2019-04-24T17:01:58","modified_gmt":"2019-04-24T17:01:58","slug":"campaign-diary","status":"publish","type":"page","link":"http:\/\/vassallolorna.com\/web\/campaign-diary\/","title":{"rendered":"Campaign Diary"},"content":{"rendered":"[vc_row][vc_column]<div class=\"title title--underline title--decoration-bottom-left\">\n\t\t<h3 class=\"title__primary\">Meetings<\/h3>\n<\/div>\n[vc_column_text]\n<h3><\/h3>\n<p>Lorna Vassallo tiltaqa\u2019 man-nies bl-appuntament biss. Ikkuntattja lil Lorna u t-tim tag\u0127ha fuq <a href=\"http:\/\/www.facebook.com\/lejnmaltaaaa\">www.facebook.com\/lejnmaltaaaa<\/a> (Lorna Vassallo Page), \u010bempel jew ibg\u0127at sms 79443906 jew imejl\u00a0 <a href=\"mailto:vassallolorna@gmail.com\">vassallolorna@gmail.com<\/a> jew billi tu\u017ca s-sezzjoni ta\u2019 kuntatt f\u2019dan is-sit elettroniku, sabiex tag\u0127ti informazzjoni dwar id-diffikult\u00e0 tieg\u0127ek u\/jew tag\u0127mel appuntament.\u00a0 L-appuntamenti ma\u2019 Lorna normalment isiru l-Belt Valletta matul il-\u0121img\u0127a.<\/p>\n<p><em>Lorna Vassallo only meets people by appointment.\u00a0 Please contact the team on <a href=\"http:\/\/www.facebook.com\/lejnmaltaaaa\">www.facebook.com\/lejnmaltaaaa<\/a> (Lorna Vassallo Page), phone \/ sms 79443906 or email\u00a0 <a href=\"mailto:vassallolorna@gmail.com\">vassallolorna@gmail.com<\/a> or by using the \u2018Contact us\u2019 section on this website, to explain your case and\/or fix an appointment.\u00a0 Lorna\u2019s appointments are usually held in Valletta on weekdays.<\/em><\/p>\n<p><strong>Kampanja Bieb Bieb<\/strong><\/p>\n<p><strong>Door to Door Campaign<\/strong><\/p>\n<p>First Day: Bormla, Triq Matty Grima, Triq San Lazzru: 4pm &#8211; 9pm<\/p>\n<p>2.4.19 &#8211; Bormla, Triq il-Pellegrina\u0121\u0121, Triq l-Iljun, parti minn Sqaq L-Isko\u010b\u010bi\u017ci<\/p>\n<p>Next door-to-door scheduled for Tuesday 5.3.19 &#8211; Bormla<\/p>\n<p>More dates to be announced later<\/p>\n<p><strong>TV &amp; Rad<\/strong><strong>ju<\/strong><\/p>\n<p><strong>TV &amp; Radio<\/strong><\/p>\n<p>Il-\u0126amis 17 ta\u2019 Jannar 2019 \u2013 12.30pm \u2013 1.30pm \u2013 Programm ONE Radio \u2013 pre\u017centazzjoni ta\u2019 Daniel Micallef<\/p>\n<p>Thursday 17th January 2019 &#8211; 12.30pm &#8211; 1.30pm &#8211; ONE Radio Programme &#8211; presentation: Daniel Micallef<\/p>\n<p>It-Tnejn 21 ta\u2019 Jannar 2019\u00a0&#8211; ONE Breakfast &#8211; Kummenti dwar diskors tal-PM u l-Kap tal-Oppo\u017cizzjoni tal-\u0121urnata ta&#8217; qabel &#8211; ONE TV \u2013 6:46am \u2013 08:00am<\/p>\n<p>Monday 21st January 2019 \u2013 ONE Breakfast \u2013 Comments on PM\u2019s and Leader of the Opposition\u2019s Sunday Speech \u2013 ONE TV &#8211; 6:46am \u2013 08:00am<\/p>\n<p><strong>Attivitajiet<\/strong><\/p>\n<p><strong>Activities<\/strong><\/p>\n<p>It-Tlieta 29 ta\u2019 Jannar 2019 &#8211;\u00a0 \u010aentru Partit Laburista, Birgu &#8211; Lorna Vassallo tiltaqa&#8217; mad-Delegati, Membri tal-Kumitati lokali u distrettwali, Membri tal-Kumitati tan-Nisa, \u017bg\u0127a\u017cag\u0127, Veterani u delegati o\u0127ra tal-ewwel 4 distretti elettorali g\u0127al diskussjoni u mistoqsijiet.\u00a0 Xorb u ikel b&#8217;xejn wara l-avveniment.\u00a0 Membri Parlamentari u Ministri tad-Distretti huma wkoll mistiedna.\u00a0 Hija tiltaqa&#8217; wkoll mal-pubbliku fil-bar ta\u010b-\u010aentru wara l-laqg\u0127a.\u00a0 Il-kumitati u delegati huma mitluba jibag\u0127tu lista ta&#8217; dawk li ser jattendu fuq <a href=\"mailto:vassallolorna@gmail.com\">vassallolorna@gmail.com<\/a> bl-isem, ID u indirizz tal-imejl tad-delegati li ser jattendu flimkien mal-lokalita&#8217; li minnha \u0121ejjin.\u00a0 Wara l-20 ta&#8217; Jannar postijiet vakanti fis-sala jistg\u0127u jittie\u0127du mill-pubbliku in \u0121enerali. Jitqassmu kotba u rigali \u017cg\u0127ar o\u0127ra b\u2019xejn lil dawk li jattendu.[\/vc_column_text][\/vc_column][\/vc_row][vc_row][vc_column]<div class=\"title title--underline title--decoration-bottom-left\">\n\t\t<h3 class=\"title__primary\">Social Events<\/h3>\n<\/div>\n[vc_column_text] Buffet Lunch, 19 ta&#8217; Mejju 2019, 12pm, Soreda Hotel, Qawra<\/p>\n<p>Buffet Lunch, 19th May 2019, 12pm, Soreda Hotel, Qawra<\/p>\n<p><img loading=\"lazy\" class=\"size-medium wp-image-1221 alignleft\" src=\"http:\/\/vassallolorna.com\/web\/wp-content\/uploads\/2019\/04\/Poster-19.04.19-237x300.png\" alt=\"\" width=\"237\" height=\"300\" srcset=\"http:\/\/vassallolorna.com\/web\/wp-content\/uploads\/2019\/04\/Poster-19.04.19-237x300.png 237w, http:\/\/vassallolorna.com\/web\/wp-content\/uploads\/2019\/04\/Poster-19.04.19.png 645w\" sizes=\"(max-width: 237px) 100vw, 237px\" \/>Buffet Breakfast, 22nd April 2019, 9am, Soreda Hotel, Qawra<\/p>\n<p>Buffet Breakfast, 22 t&#8217; April 2019, 9am, Soreda Hotel, Qawra<\/p>\n<p><img loading=\"lazy\" class=\"size-medium wp-image-1244 alignleft\" src=\"http:\/\/vassallolorna.com\/web\/wp-content\/uploads\/2019\/04\/Poster-29.04.19-232x300.jpg\" alt=\"\" width=\"232\" height=\"300\" srcset=\"http:\/\/vassallolorna.com\/web\/wp-content\/uploads\/2019\/04\/Poster-29.04.19-232x300.jpg 232w, http:\/\/vassallolorna.com\/web\/wp-content\/uploads\/2019\/04\/Poster-29.04.19.jpg 566w\" sizes=\"(max-width: 232px) 100vw, 232px\" \/>26.3.19 &#8211; Get Together, Labour Party Club, Rabat<\/p>\n<p>Breakfast Buffet 25 t\u2019Ottubru 2018, 9am, Soreda Hotel, Qawra<\/p>\n<p>Breakfast Buffet 25th October 2018, 9am, Soreda Hotel, Qawra<a href=\"http:\/\/vassallolorna.com\/web\/wp-content\/uploads\/2018\/09\/Coffee-morning-28-ta-Settembru-2018-poster.png\"><img loading=\"lazy\" class=\"wp-image-720 size-medium alignleft\" src=\"http:\/\/vassallolorna.com\/web\/wp-content\/uploads\/2018\/09\/Coffee-morning-28-ta-Settembru-2018-poster-231x300.png\" alt=\"\" width=\"231\" height=\"300\" srcset=\"http:\/\/vassallolorna.com\/web\/wp-content\/uploads\/2018\/09\/Coffee-morning-28-ta-Settembru-2018-poster-231x300.png 231w, http:\/\/vassallolorna.com\/web\/wp-content\/uploads\/2018\/09\/Coffee-morning-28-ta-Settembru-2018-poster.png 563w\" sizes=\"(max-width: 231px) 100vw, 231px\" \/><\/a><\/p>\n<p>Buffet Lunch, 28 t\u2019Ottubru 2018, 12pm Soreda Hotel, Qawra<\/p>\n<p>Buffet Lunch, 28<sup>th<\/sup> October 2018, 12pm Soreda Hotel, Qawra<\/p>\n<p><a href=\"http:\/\/vassallolorna.com\/web\/wp-content\/uploads\/2018\/09\/Poster-CMM-Sunday-Buffet.jpg\"><img loading=\"lazy\" class=\"wp-image-721 size-medium alignleft\" src=\"http:\/\/vassallolorna.com\/web\/wp-content\/uploads\/2018\/09\/Poster-CMM-Sunday-Buffet-240x300.jpg\" alt=\"\" width=\"240\" height=\"300\" \/><\/a><\/p>\n<p>Last activity will see the drawing of the Grand Lottery where a holiday for two in a 5-star Hotel will be won in Dubai (worth \u20ac3000 &#8211; \u20ac4000) as well as a wall-mounted original artwork worth \u20ac900+\u00a0 amongst other gifts<\/p>\n[\/vc_column_text][\/vc_column][\/vc_row][vc_row][vc_column]<div class=\"title title--underline title--decoration-bottom-left\">\n\t\t<h3 class=\"title__primary\">Door to Door<\/h3>\n<\/div>\n[vc_column_text]Lorna se tibda l-kampanja bieb bieb tag\u0127ha f\u2019Novembru 2018.\u00a0 Hija ser tiddedika \u0121img\u0127a kull darba g\u0127al lokalit\u00e0 partikulari u t-toroq li hija tippjana li \u017c\u017cur se jkunu mni\u017c\u017cla f\u2019din is-sezzjoni.\u00a0 Is-soltu, ma ji\u0121u mqassmna l-ebda karti qabel i\u017c-\u017cjarat tag\u0127ha g\u0127al diversi ra\u0121unijiet.\u00a0 L-ewwelnett, min\u0127abba li Lorna hija ambjentalista ma tixtiqx ta\u0127li karti, it-tieni g\u0127ax jista\u2019 jkun li \u010berti toroq ippjanati finalment ma jkollhiex \u0127in tag\u0127milhom, u t-tielet g\u0127aliex ma tixtiqx li r-residenti joqog\u0127du jippreparaw darhom apposta g\u0127a\u017c-\u017cjara tag\u0127ha.\u00a0 G\u0127alhekk, jekk tixtieq tkun taf f\u2019liema lokalitajiet Lorna qed tag\u0127mel il-kampanja bieb bieb tag\u0127ha, ag\u0127ti \u0127arsa lejn din is-sezzjoni ta\u2019 dan is-sit elettroniku minn \u017cmien g\u0127al \u017cmien.\u00a0 Meta tara li Lorna se \u017c\u017cur it-triq tieg\u0127ek, sempli\u010bement ipprepara tbissima sabi\u0127a u xejn aktar.\u00a0 Lorna g\u0127andha kull pja\u010bir tiltaqa\u2019 mieg\u0127ek fil-\u0127ajja ta\u2019 kuljum tieg\u0127ek u m\u2019g\u0127andha b\u017conn ebda mer\u0127ba spe\u010bjali.\n<p><em>Lorna will start her door-to-door campaign in November 2018.\u00a0 She will be dedicating one week per locality and the streets that are planned to be visited will be written in this section.\u00a0 Usually, no papers will be distributed to household before Lorna\u2019s visits for various reasons.\u00a0 Firstly, because Lorna is an environmentalist and does not want to waste paper, secondly because she might not do as many households are foreseen, thirdly because she does not want household to take the trouble to prepare their house for her visit.\u00a0 So, if you would like to enquire about Lorna\u2019s door-to-door campaign, have a look at this website once in a while. \u00a0When you see that your street could be visited next, make sure you prepare a nice smile and nothing else.\u00a0 Lorna would be more than pleased to meet you in your daily life and does not need any special welcomes.<\/em>[\/vc_column_text][\/vc_column][\/vc_row][vc_row][vc_column]<div class=\"title title--underline title--decoration-bottom-left\">\n\t\t<h3 class=\"title__primary\">Partit Laburista Events<\/h3>\n<\/div>\n[vc_column_text]Il-Mexxej tal-Partit Laburista u Prim Ministru ta\u2019 Malta, l-Onor. Dott. Joseph Muscat, jitkellem f\u2019laqg\u0127at politi\u010bi kwa\u017ci kull nhar ta\u2019 \u0126add tard filg\u0127odu.\u00a0 Il-\u0127in u l-post tal-laqg\u0127a ji\u0121u m\u0127abbra permezz ta\u2019 reklami fuq ir-One Radio li jibdew jixxandru minn jumejn sa tlieta qabel, l-istazzjon uffi\u010bjali tal-Partit Laburista (92.7FM) jew is-sit elettroniku tal-Partit Laburista <a href=\"http:\/\/www.one.com.mt\/news\/\">http:\/\/www.one.com.mt\/news\/<\/a> .\u00a0 \u017bomm lilek innifsek infurmat dwar dwar dawn id-diskorsi\u00a0 pubbli\u010bi li Lorna normalment tattendi g\u0127alihom.\u00a0 Iktar ma toqrob l-elezzjoni iktar dawn il-laqg\u0127at isiru spissi, sabiex fil-qofol tal-kampanja jibdew ji\u0121u organizzati kuljum.\u00a0 Il-Partit Laburista u Lorna Vassallo jistednuk bi \u0127\u0121arhom g\u0127al dawn il-laqg\u0127at.\u00a0 Il-pre\u017cenza tieg\u0127ek tkun ferm apprezzata.<\/p>\n<p><em>The Leader of Partit Laburista and Prime Minister of Malta, Hon. Dr. Joseph Muscat, holds public meetings almost every Sunday late morning in places which are usually announced by adverts on One Radio, the official Party Radio station (92.7FM), 2-3 days before the event or the party website <a href=\"http:\/\/www.one.com.mt\/news\/\">http:\/\/www.one.com.mt\/news\/<\/a> .\u00a0 Watch out for these public speeches which Lorna usually attends. \u00a0\u00a0As the election draws closer these party public meetings will become more frequent when, at the peak of the campaign they will be organised on a daily basis.\u00a0 Partit Laburista and Lorna Vassallo welcome to such meetings.\u00a0 Your presence will be highly appreciated.<\/em>[\/vc_column_text][\/vc_column][\/vc_row]\n<\/p>","protected":false},"excerpt":{"rendered":"<p>[vc_row][vc_column][vc_column_text] Lorna Vassallo tiltaqa\u2019 man-nies bl-appuntament biss. Ikkuntattja lil Lorna u t-tim tag\u0127ha fuq www.facebook.com\/lejnmaltaaaa (Lorna Vassallo Page), \u010bempel jew ibg\u0127at sms 79443906 jew imejl\u00a0 vassallolorna@gmail.com jew billi tu\u017ca s-sezzjoni ta\u2019 kuntatt f\u2019dan is-sit elettroniku, sabiex tag\u0127ti informazzjoni dwar id-diffikult\u00e0 tieg\u0127ek u\/jew tag\u0127mel appuntament.\u00a0 L-appuntamenti ma\u2019 Lorna normalment isiru l-Belt Valletta matul il-\u0121img\u0127a. Lorna Vassallo<\/p>\n<div class=\"padding-top text-center\"><a href=\"http:\/\/vassallolorna.com\/web\/campaign-diary\/\" class=\"atbtn atbtn--medium atbtn--rounded atbtn--transparent\">Read more<i class=\"atbtn__icon atbtn__icon--right fa fa-long-arrow-right\"><\/i><\/a><\/div>\n","protected":false},"author":1,"featured_media":0,"parent":0,"menu_order":0,"comment_status":"closed","ping_status":"closed","template":"","meta":[],"_links":{"self":[{"href":"http:\/\/vassallolorna.com\/web\/wp-json\/wp\/v2\/pages\/500"}],"collection":[{"href":"http:\/\/vassallolorna.com\/web\/wp-json\/wp\/v2\/pages"}],"about":[{"href":"http:\/\/vassallolorna.com\/web\/wp-json\/wp\/v2\/types\/page"}],"author":[{"embeddable":true,"href":"http:\/\/vassallolorna.com\/web\/wp-json\/wp\/v2\/users\/1"}],"replies":[{"embeddable":true,"href":"http:\/\/vassallolorna.com\/web\/wp-json\/wp\/v2\/comments?post=500"}],"version-history":[{"count":42,"href":"http:\/\/vassallolorna.com\/web\/wp-json\/wp\/v2\/pages\/500\/revisions"}],"predecessor-version":[{"id":1250,"href":"http:\/\/vassallolorna.com\/web\/wp-json\/wp\/v2\/pages\/500\/revisions\/1250"}],"wp:attachment":[{"href":"http:\/\/vassallolorna.com\/web\/wp-json\/wp\/v2\/media?parent=500"}],"curies":[{"name":"wp","href":"https:\/\/api.w.org\/{rel}","templated":true}]}}