{"id":48,"date":"2018-08-11T13:22:46","date_gmt":"2018-08-11T13:22:46","guid":{"rendered":"http:\/\/vassallolorna.com\/web\/?page_id=48"},"modified":"2023-04-14T15:34:50","modified_gmt":"2023-04-14T15:34:50","slug":"home","status":"publish","type":"page","link":"http:\/\/vassallolorna.com\/web\/","title":{"rendered":"Home"},"content":{"rendered":"[vc_row][vc_column width=&#8221;1\/3&#8243;]<div class=\"title title--underline title--decoration-bottom-left\">\n\t\t<h3 class=\"title__primary\">Min Hi Lorna?<\/h3>\n<\/div>\n[vc_video link=&#8221;https:\/\/www.youtube.com\/watch?v=Fo5O5JJDO8w&#8221; align=&#8221;center&#8221;][\/vc_column][vc_column width=&#8221;1\/3&#8243;]<div class=\"title title--underline title--decoration-bottom-left\">\n\t\t<h3 class=\"title__primary\">Most Recent Article<\/h3>\n<\/div>\n[vc_column_text]\n<p style=\"font-weight: 400;\"><img loading=\"lazy\" class=\"size-full wp-image-822 alignleft\" src=\"http:\/\/vassallolorna.com\/web\/wp-content\/uploads\/2018\/09\/Orizzont-Logo1.jpg\" alt=\"\" width=\"200\" height=\"58\" \/><\/p>\n<p>\u017bVILUPP MG\u0126A\u0120\u0120EL<\/p>\n<p><span style=\"font-size: 8pt;\">10.04.2023<\/span><\/p>\n<p style=\"font-weight: 400;\">llum xtaqt nitkellem dwar su\u0121\u0121ett li g\u0127alkemm jista\u2019 jidher li ma jolqotx \u0127afna nies, jolqot lilna wkoll<br \/>\nbilli jaffettwa \u0127afna l-ambjent urban li ng\u0127ixu fih.<\/p>\n<p><a href=\"http:\/\/vassallolorna.com\/web\/maltese-articles\/\">ReadMore<\/a>[\/vc_column_text][\/vc_column][vc_column width=&#8221;1\/3&#8243;]<div class=\"title title--underline title--decoration-bottom-left\">\n\t\t<h3 class=\"title__primary\">Who is Lorna?<\/h3>\n<\/div>\n[vc_video link=&#8221;https:\/\/www.youtube.com\/watch?v=YY1TbqDI9QA&#8221; align=&#8221;center&#8221;][\/vc_column][\/vc_row][vc_row][vc_column width=&#8221;1\/3&#8243;][vc_empty_space]<div class=\"title title--underline title--decoration-bottom-left\">\n\t\t<h3 class=\"title__primary\">Most Popular Videos<\/h3>\n<\/div>\n[vc_video link=&#8221;https:\/\/www.youtube.com\/watch?v=zMJs0scI0fc&amp;t=8s&#8221; el_aspect=&#8221;43&#8243; align=&#8221;center&#8221;][vc_empty_space][\/vc_column][vc_column width=&#8221;1\/3&#8243;][vc_empty_space]<div class=\"title title--underline title--decoration-bottom-left\">\n\t\t<h3 class=\"title__primary\">Most Popular Audio<\/h3>\n<\/div>\n[vc_video link=&#8221;https:\/\/www.youtube.com\/watch?v=GxPwvul-xw4&amp;t=1s&#8221; el_aspect=&#8221;43&#8243; align=&#8221;center&#8221;][vc_empty_space][\/vc_column][vc_column width=&#8221;1\/3&#8243;][vc_empty_space]<div class=\"title title--underline title--decoration-bottom-left\">\n\t\t<h3 class=\"title__primary\">Most Popular Posts<\/h3>\n<\/div>\n[\/vc_column][\/vc_row][vc_row][vc_column width=&#8221;1\/3&#8243;][vc_empty_space]<div class=\"title title--underline title--decoration-bottom-left\">\n\t\t<h3 class=\"title__primary\">Next Activity 1<\/h3>\n<\/div>\n[vc_empty_space][\/vc_column][vc_column width=&#8221;1\/3&#8243;][vc_empty_space]<div class=\"title title--underline title--decoration-bottom-left\">\n\t\t<h3 class=\"title__primary\">Sponsors<\/h3>\n<\/div>\n[vc_video link=&#8221;https:\/\/www.youtube.com\/watch?v=aYMQ4hPbwXU&#8221; align=&#8221;center&#8221;][vc_video link=&#8221;https:\/\/www.youtube.com\/watch?v=Qk2oQyAOVis&#8221; align=&#8221;center&#8221;][vc_empty_space][\/vc_column][vc_column width=&#8221;1\/3&#8243;][vc_empty_space]<div class=\"title title--underline title--decoration-bottom-left\">\n\t\t<h3 class=\"title__primary\">Official Leaflet<\/h3>\n<\/div>\n[vc_single_image image=&#8221;1013&#8243; img_size=&#8221;large&#8221; alignment=&#8221;center&#8221; onclick=&#8221;link_image&#8221;][vc_single_image image=&#8221;1039&#8243; img_size=&#8221;large&#8221; alignment=&#8221;center&#8221; onclick=&#8221;link_image&#8221;][vc_empty_space][\/vc_column][\/vc_row][vc_row][vc_column]<div class=\"title title--center title--underline title--decoration-bottom-center\">\n\t\t<h3 class=\"title__primary\">Receive Updates<\/h3>\n<\/div>\n[vc_empty_space][vc_facebook el_id=&#8221;@lejnmaltaaaa&#8221;][\/vc_column][\/vc_row]\n<\/p>","protected":false},"excerpt":{"rendered":"<p>[vc_row][vc_column width=&#8221;1\/3&#8243;][vc_video link=&#8221;https:\/\/www.youtube.com\/watch?v=Fo5O5JJDO8w&#8221; align=&#8221;center&#8221;][\/vc_column][vc_column width=&#8221;1\/3&#8243;][vc_column_text] \u017bVILUPP MG\u0126A\u0120\u0120EL 10.04.2023 llum xtaqt nitkellem dwar su\u0121\u0121ett li g\u0127alkemm jista\u2019 jidher li ma jolqotx \u0127afna nies, jolqot lilna wkoll billi jaffettwa \u0127afna l-ambjent urban li ng\u0127ixu fih. ReadMore[\/vc_column_text][\/vc_column][vc_column width=&#8221;1\/3&#8243;][vc_video link=&#8221;https:\/\/www.youtube.com\/watch?v=YY1TbqDI9QA&#8221; align=&#8221;center&#8221;][\/vc_column][\/vc_row][vc_row][vc_column width=&#8221;1\/3&#8243;][vc_empty_space][vc_video link=&#8221;https:\/\/www.youtube.com\/watch?v=zMJs0scI0fc&amp;t=8s&#8221; el_aspect=&#8221;43&#8243; align=&#8221;center&#8221;][vc_empty_space][\/vc_column][vc_column width=&#8221;1\/3&#8243;][vc_empty_space][vc_video link=&#8221;https:\/\/www.youtube.com\/watch?v=GxPwvul-xw4&amp;t=1s&#8221; el_aspect=&#8221;43&#8243; align=&#8221;center&#8221;][vc_empty_space][\/vc_column][vc_column width=&#8221;1\/3&#8243;][vc_empty_space][\/vc_column][\/vc_row][vc_row][vc_column width=&#8221;1\/3&#8243;][vc_empty_space][vc_empty_space][\/vc_column][vc_column width=&#8221;1\/3&#8243;][vc_empty_space][vc_video link=&#8221;https:\/\/www.youtube.com\/watch?v=aYMQ4hPbwXU&#8221; align=&#8221;center&#8221;][vc_video link=&#8221;https:\/\/www.youtube.com\/watch?v=Qk2oQyAOVis&#8221; align=&#8221;center&#8221;][vc_empty_space][\/vc_column][vc_column width=&#8221;1\/3&#8243;][vc_empty_space][vc_single_image image=&#8221;1013&#8243; img_size=&#8221;large&#8221;<\/p>\n<div class=\"padding-top text-center\"><a href=\"http:\/\/vassallolorna.com\/web\/\" class=\"atbtn atbtn--medium atbtn--rounded atbtn--transparent\">Read more<i class=\"atbtn__icon atbtn__icon--right fa fa-long-arrow-right\"><\/i><\/a><\/div>\n","protected":false},"author":1,"featured_media":0,"parent":0,"menu_order":0,"comment_status":"closed","ping_status":"closed","template":"","meta":[],"_links":{"self":[{"href":"http:\/\/vassallolorna.com\/web\/wp-json\/wp\/v2\/pages\/48"}],"collection":[{"href":"http:\/\/vassallolorna.com\/web\/wp-json\/wp\/v2\/pages"}],"about":[{"href":"http:\/\/vassallolorna.com\/web\/wp-json\/wp\/v2\/types\/page"}],"author":[{"embeddable":true,"href":"http:\/\/vassallolorna.com\/web\/wp-json\/wp\/v2\/users\/1"}],"replies":[{"embeddable":true,"href":"http:\/\/vassallolorna.com\/web\/wp-json\/wp\/v2\/comments?post=48"}],"version-history":[{"count":184,"href":"http:\/\/vassallolorna.com\/web\/wp-json\/wp\/v2\/pages\/48\/revisions"}],"predecessor-version":[{"id":1431,"href":"http:\/\/vassallolorna.com\/web\/wp-json\/wp\/v2\/pages\/48\/revisions\/1431"}],"wp:attachment":[{"href":"http:\/\/vassallolorna.com\/web\/wp-json\/wp\/v2\/media?parent=48"}],"curies":[{"name":"wp","href":"https:\/\/api.w.org\/{rel}","templated":true}]}}