{"id":322,"date":"2018-08-27T14:01:29","date_gmt":"2018-08-27T14:01:29","guid":{"rendered":"http:\/\/vassallolorna.com\/web\/?page_id=322"},"modified":"2018-08-29T05:05:24","modified_gmt":"2018-08-29T05:05:24","slug":"personal-life","status":"publish","type":"page","link":"http:\/\/vassallolorna.com\/web\/gallery\/personal-life\/","title":{"rendered":"Personal Life"},"content":{"rendered":"[vc_row][vc_column][vc_gallery type=&#8221;image_grid&#8221; images=&#8221;349,354,359,351,348,357,358,355,356,353,346,347,350,352&#8243;][\/vc_column][\/vc_row]\n\t\r\n    <div class=\"gal-container\" id=\"slgf_420\">\r\n\t\t            <!--get the post id-->\r\n\t\t\t\r\n            <!--Gallery Title-->\r\n\t\t\t\r\n            <div class=\"gallery1 lightgallery_420\">\r\n\t\t\t\t\t\t\t\t\t\t<div class=\"col-md-4 col-sm-6 wl-gallery\" data-src=\"http:\/\/vassallolorna.com\/web\/wp-content\/uploads\/2018\/08\/Lorna-baby-400x400.jpg\">\r\n\r\n                            <div class=\"img-box-shadow\">\r\n\r\n\t\t\t\t\t\t\t\t\r\n                                <a title=\"Pio u Maria Vassallo, ma&#039; binthom Lorna (tarbija). Sebg\u0127injiet.  Pio and Maria Vassallo with their daughter Lorna (baby). 1970&#039;s\" data-lightbox='swipebox_420' class=\"swipebox_420\"\r\n                                   href=\"http:\/\/vassallolorna.com\/web\/wp-content\/uploads\/2018\/08\/Lorna-baby.jpg\">\r\n                                    <div class=\"b-link-stroke b-animate-go\">\r\n                                        <img src=\"http:\/\/vassallolorna.com\/web\/wp-content\/uploads\/2018\/08\/Lorna-baby-400x400.jpg\" class=\"gall-img-responsive\"\r\n                                             alt=\"Pio u Maria Vassallo, ma&#039; binthom Lorna (tarbija). Sebg\u0127injiet.  Pio and Maria Vassallo with their daughter Lorna (baby). 1970&#039;s\"\/>\r\n                                    <\/div>\r\n                                <\/a>\r\n                                <!--Gallery Label-->\r\n\t\t\t\t\t\t\t\t<div class=\"slgf_home_portfolio_caption\">\r\n\t\t\t\t\t\t\t\t\t\t\t\t\t\t\t\t\t\t<h3 class=\"b-wrapper\" style=\"color: \">\r\n\t\t\t\t\t\t\t\t\t\tPio u Maria Vassallo, ma&#039; binthom Lorna (tarbija). Sebg\u0127injiet.  Pio and Maria Vassallo with their daughter Lorna (baby). 1970&#039;s\t\t\t\t\t\t\t\t\t<\/h3>\r\n\t\t\t\t\t\t\t\t\t\t\t\t\t\t\t\t\t\t<a style=\"padding:5px; font-size:12px;background-color:;color : \" id=\"same_page\" data-lightbox='swipebox_420' class=\"read_more_btn swipebox_420\"\r\n                                   href=\"http:\/\/vassallolorna.com\/web\/wp-content\/uploads\/2018\/08\/Lorna-baby.jpg\" title=\"Pio u Maria Vassallo, ma&#039; binthom Lorna (tarbija). Sebg\u0127injiet.  Pio and Maria Vassallo with their daughter Lorna (baby). 1970&#039;s\" target=\"\">\r\n\t\t\t\t\t\t\t\t\t\t\t\t\t\t\t\t\t\t\t<\/a>\r\n\t\t\t\t\t\t\t\t<\/div>\t\t\t\t\t\t\t\t\r\n                            <\/div>\r\n                        <\/div>\r\n\t\t\t\t\t\t\t\t\t\t\t\t<div class=\"col-md-4 col-sm-6 wl-gallery\" data-src=\"http:\/\/vassallolorna.com\/web\/wp-content\/uploads\/2018\/08\/Graduation-Lorna-96-384x400.jpg\">\r\n\r\n                            <div class=\"img-box-shadow\">\r\n\r\n\t\t\t\t\t\t\t\t\r\n                                <a title=\"\" data-lightbox='swipebox_420' class=\"swipebox_420\"\r\n                                   href=\"http:\/\/vassallolorna.com\/web\/wp-content\/uploads\/2018\/08\/Graduation-Lorna-96.jpg\">\r\n                                    <div class=\"b-link-stroke b-animate-go\">\r\n                                        <img src=\"http:\/\/vassallolorna.com\/web\/wp-content\/uploads\/2018\/08\/Graduation-Lorna-96-384x400.jpg\" class=\"gall-img-responsive\"\r\n                                             alt=\"Graduation Lorna &#039;96\"\/>\r\n                                    <\/div>\r\n                                <\/a>\r\n                                <!--Gallery Label-->\r\n\t\t\t\t\t\t\t\t<div class=\"slgf_home_portfolio_caption\">\r\n\t\t\t\t\t\t\t\t\t\t\t\t\t\t\t\t\t\t<a style=\"padding:5px; font-size:12px;background-color:;color : \" id=\"same_page\" data-lightbox='swipebox_420' class=\"read_more_btn swipebox_420\"\r\n                                   href=\"http:\/\/vassallolorna.com\/web\/wp-content\/uploads\/2018\/08\/Graduation-Lorna-96.jpg\" title=\"\" target=\"\">\r\n\t\t\t\t\t\t\t\t\t\t\t\t\t\t\t\t\t\t\t<\/a>\r\n\t\t\t\t\t\t\t\t<\/div>\t\t\t\t\t\t\t\t\r\n                            <\/div>\r\n                        <\/div>\r\n\t\t\t\t\t\t\t\t\t\t\t\t<div class=\"col-md-4 col-sm-6 wl-gallery\" data-src=\"http:\/\/vassallolorna.com\/web\/wp-content\/uploads\/2018\/08\/Young-Lorna-graduation-400x400.jpg\">\r\n\r\n                            <div class=\"img-box-shadow\">\r\n\r\n\t\t\t\t\t\t\t\t\r\n                                <a title=\"\" data-lightbox='swipebox_420' class=\"swipebox_420\"\r\n                                   href=\"http:\/\/vassallolorna.com\/web\/wp-content\/uploads\/2018\/08\/Young-Lorna-graduation.jpg\">\r\n                                    <div class=\"b-link-stroke b-animate-go\">\r\n                                        <img src=\"http:\/\/vassallolorna.com\/web\/wp-content\/uploads\/2018\/08\/Young-Lorna-graduation-400x400.jpg\" class=\"gall-img-responsive\"\r\n                                             alt=\"Young Lorna graduation\"\/>\r\n                                    <\/div>\r\n                                <\/a>\r\n                                <!--Gallery Label-->\r\n\t\t\t\t\t\t\t\t<div class=\"slgf_home_portfolio_caption\">\r\n\t\t\t\t\t\t\t\t\t\t\t\t\t\t\t\t\t\t<a style=\"padding:5px; font-size:12px;background-color:;color : \" id=\"same_page\" data-lightbox='swipebox_420' class=\"read_more_btn swipebox_420\"\r\n                                   href=\"http:\/\/vassallolorna.com\/web\/wp-content\/uploads\/2018\/08\/Young-Lorna-graduation.jpg\" title=\"\" target=\"\">\r\n\t\t\t\t\t\t\t\t\t\t\t\t\t\t\t\t\t\t\t<\/a>\r\n\t\t\t\t\t\t\t\t<\/div>\t\t\t\t\t\t\t\t\r\n                            <\/div>\r\n                        <\/div>\r\n\t\t\t\t\t\t\t\t\t\t\t\t<div class=\"col-md-4 col-sm-6 wl-gallery\" data-src=\"http:\/\/vassallolorna.com\/web\/wp-content\/uploads\/2018\/08\/Lorna-Grad-400x400.jpg\">\r\n\r\n                            <div class=\"img-box-shadow\">\r\n\r\n\t\t\t\t\t\t\t\t\r\n                                <a title=\"\" data-lightbox='swipebox_420' class=\"swipebox_420\"\r\n                                   href=\"http:\/\/vassallolorna.com\/web\/wp-content\/uploads\/2018\/08\/Lorna-Grad.jpg\">\r\n                                    <div class=\"b-link-stroke b-animate-go\">\r\n                                        <img src=\"http:\/\/vassallolorna.com\/web\/wp-content\/uploads\/2018\/08\/Lorna-Grad-400x400.jpg\" class=\"gall-img-responsive\"\r\n                                             alt=\"Lorna Grad\"\/>\r\n                                    <\/div>\r\n                                <\/a>\r\n                                <!--Gallery Label-->\r\n\t\t\t\t\t\t\t\t<div class=\"slgf_home_portfolio_caption\">\r\n\t\t\t\t\t\t\t\t\t\t\t\t\t\t\t\t\t\t<a style=\"padding:5px; font-size:12px;background-color:;color : \" id=\"same_page\" data-lightbox='swipebox_420' class=\"read_more_btn swipebox_420\"\r\n                                   href=\"http:\/\/vassallolorna.com\/web\/wp-content\/uploads\/2018\/08\/Lorna-Grad.jpg\" title=\"\" target=\"\">\r\n\t\t\t\t\t\t\t\t\t\t\t\t\t\t\t\t\t\t\t<\/a>\r\n\t\t\t\t\t\t\t\t<\/div>\t\t\t\t\t\t\t\t\r\n                            <\/div>\r\n                        <\/div>\r\n\t\t\t\t\t\t\t\t\t\t\t\t<div class=\"col-md-4 col-sm-6 wl-gallery\" data-src=\"http:\/\/vassallolorna.com\/web\/wp-content\/uploads\/2018\/08\/Attivitajiet_-Medival-Imdina-2012-knight-396x400.jpg\">\r\n\r\n                            <div class=\"img-box-shadow\">\r\n\r\n\t\t\t\t\t\t\t\t\r\n                                <a title=\"Rikostruzzjoni storika, Medjevali, Mdina, Malta Historical Re-enactment, Medieval, Mdina, Malta\" data-lightbox='swipebox_420' class=\"swipebox_420\"\r\n                                   href=\"http:\/\/vassallolorna.com\/web\/wp-content\/uploads\/2018\/08\/Attivitajiet_-Medival-Imdina-2012-knight.jpg\">\r\n                                    <div class=\"b-link-stroke b-animate-go\">\r\n                                        <img src=\"http:\/\/vassallolorna.com\/web\/wp-content\/uploads\/2018\/08\/Attivitajiet_-Medival-Imdina-2012-knight-396x400.jpg\" class=\"gall-img-responsive\"\r\n                                             alt=\"Rikostruzzjoni storika, Medjevali, Mdina, Malta Historical Re-enactment, Medieval, Mdina, Malta\"\/>\r\n                                    <\/div>\r\n                                <\/a>\r\n                                <!--Gallery Label-->\r\n\t\t\t\t\t\t\t\t<div class=\"slgf_home_portfolio_caption\">\r\n\t\t\t\t\t\t\t\t\t\t\t\t\t\t\t\t\t\t<h3 class=\"b-wrapper\" style=\"color: \">\r\n\t\t\t\t\t\t\t\t\t\tRikostruzzjoni storika, Medjevali, Mdina, Malta Historical Re-enactment, Medieval, Mdina, Malta\t\t\t\t\t\t\t\t\t<\/h3>\r\n\t\t\t\t\t\t\t\t\t\t\t\t\t\t\t\t\t\t<a style=\"padding:5px; font-size:12px;background-color:;color : \" id=\"same_page\" data-lightbox='swipebox_420' class=\"read_more_btn swipebox_420\"\r\n                                   href=\"http:\/\/vassallolorna.com\/web\/wp-content\/uploads\/2018\/08\/Attivitajiet_-Medival-Imdina-2012-knight.jpg\" title=\"Rikostruzzjoni storika, Medjevali, Mdina, Malta Historical Re-enactment, Medieval, Mdina, Malta\" target=\"\">\r\n\t\t\t\t\t\t\t\t\t\t\t\t\t\t\t\t\t\t\t<\/a>\r\n\t\t\t\t\t\t\t\t<\/div>\t\t\t\t\t\t\t\t\r\n                            <\/div>\r\n                        <\/div>\r\n\t\t\t\t\t\t\t\t\t\t\t\t<div class=\"col-md-4 col-sm-6 wl-gallery\" data-src=\"http:\/\/vassallolorna.com\/web\/wp-content\/uploads\/2018\/08\/German-Film-Fest.-400x400.jpg\">\r\n\r\n                            <div class=\"img-box-shadow\">\r\n\r\n\t\t\t\t\t\t\t\t\r\n                                <a title=\"Pre\u017centazzjoni tal-German Film Festival, 2017.  Presentation of German Film Festival, Malta, 2017.\" data-lightbox='swipebox_420' class=\"swipebox_420\"\r\n                                   href=\"http:\/\/vassallolorna.com\/web\/wp-content\/uploads\/2018\/08\/German-Film-Fest..jpg\">\r\n                                    <div class=\"b-link-stroke b-animate-go\">\r\n                                        <img src=\"http:\/\/vassallolorna.com\/web\/wp-content\/uploads\/2018\/08\/German-Film-Fest.-400x400.jpg\" class=\"gall-img-responsive\"\r\n                                             alt=\"Pre\u017centazzjoni tal-German Film Festival, 2017.  Presentation of German Film Festival, Malta, 2017.\"\/>\r\n                                    <\/div>\r\n                                <\/a>\r\n                                <!--Gallery Label-->\r\n\t\t\t\t\t\t\t\t<div class=\"slgf_home_portfolio_caption\">\r\n\t\t\t\t\t\t\t\t\t\t\t\t\t\t\t\t\t\t<h3 class=\"b-wrapper\" style=\"color: \">\r\n\t\t\t\t\t\t\t\t\t\tPre\u017centazzjoni tal-German Film Festival, 2017.  Presentation of German Film Festival, Malta, 2017.\t\t\t\t\t\t\t\t\t<\/h3>\r\n\t\t\t\t\t\t\t\t\t\t\t\t\t\t\t\t\t\t<a style=\"padding:5px; font-size:12px;background-color:;color : \" id=\"same_page\" data-lightbox='swipebox_420' class=\"read_more_btn swipebox_420\"\r\n                                   href=\"http:\/\/vassallolorna.com\/web\/wp-content\/uploads\/2018\/08\/German-Film-Fest..jpg\" title=\"Pre\u017centazzjoni tal-German Film Festival, 2017.  Presentation of German Film Festival, Malta, 2017.\" target=\"\">\r\n\t\t\t\t\t\t\t\t\t\t\t\t\t\t\t\t\t\t\t<\/a>\r\n\t\t\t\t\t\t\t\t<\/div>\t\t\t\t\t\t\t\t\r\n                            <\/div>\r\n                        <\/div>\r\n\t\t\t\t\t\t\t\t\t\t\t\t<div class=\"col-md-4 col-sm-6 wl-gallery\" data-src=\"http:\/\/vassallolorna.com\/web\/wp-content\/uploads\/2018\/08\/Lorna-family1-400x400.jpg\">\r\n\r\n                            <div class=\"img-box-shadow\">\r\n\r\n\t\t\t\t\t\t\t\t\r\n                                <a title=\"Lorna ma&#039; ommha Marija, u \u017c-\u017cew\u0121 neputijiet, Cyrus u Oscar. Lorna with her mother, Marija and her two nephews, Cyrus and Oscar.\" data-lightbox='swipebox_420' class=\"swipebox_420\"\r\n                                   href=\"http:\/\/vassallolorna.com\/web\/wp-content\/uploads\/2018\/08\/Lorna-family1.jpg\">\r\n                                    <div class=\"b-link-stroke b-animate-go\">\r\n                                        <img src=\"http:\/\/vassallolorna.com\/web\/wp-content\/uploads\/2018\/08\/Lorna-family1-400x400.jpg\" class=\"gall-img-responsive\"\r\n                                             alt=\"Lorna ma&#039; ommha Marija, u \u017c-\u017cew\u0121 neputijiet, Cyrus u Oscar. Lorna with her mother, Marija and her two nephews, Cyrus and Oscar.\"\/>\r\n                                    <\/div>\r\n                                <\/a>\r\n                                <!--Gallery Label-->\r\n\t\t\t\t\t\t\t\t<div class=\"slgf_home_portfolio_caption\">\r\n\t\t\t\t\t\t\t\t\t\t\t\t\t\t\t\t\t\t<h3 class=\"b-wrapper\" style=\"color: \">\r\n\t\t\t\t\t\t\t\t\t\tLorna ma&#039; ommha Marija, u \u017c-\u017cew\u0121 neputijiet, Cyrus u Oscar. Lorna with her mother, Marija and her two nephews, Cyrus and Oscar.\t\t\t\t\t\t\t\t\t<\/h3>\r\n\t\t\t\t\t\t\t\t\t\t\t\t\t\t\t\t\t\t<a style=\"padding:5px; font-size:12px;background-color:;color : \" id=\"same_page\" data-lightbox='swipebox_420' class=\"read_more_btn swipebox_420\"\r\n                                   href=\"http:\/\/vassallolorna.com\/web\/wp-content\/uploads\/2018\/08\/Lorna-family1.jpg\" title=\"Lorna ma&#039; ommha Marija, u \u017c-\u017cew\u0121 neputijiet, Cyrus u Oscar. Lorna with her mother, Marija and her two nephews, Cyrus and Oscar.\" target=\"\">\r\n\t\t\t\t\t\t\t\t\t\t\t\t\t\t\t\t\t\t\t<\/a>\r\n\t\t\t\t\t\t\t\t<\/div>\t\t\t\t\t\t\t\t\r\n                            <\/div>\r\n                        <\/div>\r\n\t\t\t\t\t\t\t\t\t\t\t\t<div class=\"col-md-4 col-sm-6 wl-gallery\" data-src=\"http:\/\/vassallolorna.com\/web\/wp-content\/uploads\/2018\/08\/Passatempi_-Gospel-400x400.jpg\">\r\n\r\n                            <div class=\"img-box-shadow\">\r\n\r\n\t\t\t\t\t\t\t\t\r\n                                <a title=\"Ritratt tal-Kor stil Gospel EnKor (Lorna tinsab quddiem).  Photo with Gospel Choir EnKor (Lorna is at the front)\" data-lightbox='swipebox_420' class=\"swipebox_420\"\r\n                                   href=\"http:\/\/vassallolorna.com\/web\/wp-content\/uploads\/2018\/08\/Passatempi_-Gospel.jpg\">\r\n                                    <div class=\"b-link-stroke b-animate-go\">\r\n                                        <img src=\"http:\/\/vassallolorna.com\/web\/wp-content\/uploads\/2018\/08\/Passatempi_-Gospel-400x400.jpg\" class=\"gall-img-responsive\"\r\n                                             alt=\"Ritratt tal-Kor stil Gospel EnKor (Lorna tinsab quddiem).  Photo with Gospel Choir EnKor (Lorna is at the front)\"\/>\r\n                                    <\/div>\r\n                                <\/a>\r\n                                <!--Gallery Label-->\r\n\t\t\t\t\t\t\t\t<div class=\"slgf_home_portfolio_caption\">\r\n\t\t\t\t\t\t\t\t\t\t\t\t\t\t\t\t\t\t<h3 class=\"b-wrapper\" style=\"color: \">\r\n\t\t\t\t\t\t\t\t\t\tRitratt tal-Kor stil Gospel EnKor (Lorna tinsab quddiem).  Photo with Gospel Choir EnKor (Lorna is at the front)\t\t\t\t\t\t\t\t\t<\/h3>\r\n\t\t\t\t\t\t\t\t\t\t\t\t\t\t\t\t\t\t<a style=\"padding:5px; font-size:12px;background-color:;color : \" id=\"same_page\" data-lightbox='swipebox_420' class=\"read_more_btn swipebox_420\"\r\n                                   href=\"http:\/\/vassallolorna.com\/web\/wp-content\/uploads\/2018\/08\/Passatempi_-Gospel.jpg\" title=\"Ritratt tal-Kor stil Gospel EnKor (Lorna tinsab quddiem).  Photo with Gospel Choir EnKor (Lorna is at the front)\" target=\"\">\r\n\t\t\t\t\t\t\t\t\t\t\t\t\t\t\t\t\t\t\t<\/a>\r\n\t\t\t\t\t\t\t\t<\/div>\t\t\t\t\t\t\t\t\r\n                            <\/div>\r\n                        <\/div>\r\n\t\t\t\t\t\t\t\t\t\t\t\t<div class=\"col-md-4 col-sm-6 wl-gallery\" data-src=\"http:\/\/vassallolorna.com\/web\/wp-content\/uploads\/2018\/08\/lornafamily2-400x392.jpg\">\r\n\r\n                            <div class=\"img-box-shadow\">\r\n\r\n\t\t\t\t\t\t\t\t\r\n                                <a title=\"Jum l-Omm, 2018, Lorna ma&#039; ommha Marija, \u0127uha Alvin u t-tfal.  Mother\u2019s Day 2018, Lorna with her mother Maria, her brother Alvin and the kids.\" data-lightbox='swipebox_420' class=\"swipebox_420\"\r\n                                   href=\"http:\/\/vassallolorna.com\/web\/wp-content\/uploads\/2018\/08\/lornafamily2.jpg\">\r\n                                    <div class=\"b-link-stroke b-animate-go\">\r\n                                        <img src=\"http:\/\/vassallolorna.com\/web\/wp-content\/uploads\/2018\/08\/lornafamily2-400x392.jpg\" class=\"gall-img-responsive\"\r\n                                             alt=\"Jum l-Omm, 2018, Lorna ma&#039; ommha Marija, \u0127uha Alvin u t-tfal.  Mother\u2019s Day 2018, Lorna with her mother Maria, her brother Alvin and the kids.\"\/>\r\n                                    <\/div>\r\n                                <\/a>\r\n                                <!--Gallery Label-->\r\n\t\t\t\t\t\t\t\t<div class=\"slgf_home_portfolio_caption\">\r\n\t\t\t\t\t\t\t\t\t\t\t\t\t\t\t\t\t\t<h3 class=\"b-wrapper\" style=\"color: \">\r\n\t\t\t\t\t\t\t\t\t\tJum l-Omm, 2018, Lorna ma&#039; ommha Marija, \u0127uha Alvin u t-tfal.  Mother\u2019s Day 2018, Lorna with her mother Maria, her brother Alvin and the kids.\t\t\t\t\t\t\t\t\t<\/h3>\r\n\t\t\t\t\t\t\t\t\t\t\t\t\t\t\t\t\t\t<a style=\"padding:5px; font-size:12px;background-color:;color : \" id=\"same_page\" data-lightbox='swipebox_420' class=\"read_more_btn swipebox_420\"\r\n                                   href=\"http:\/\/vassallolorna.com\/web\/wp-content\/uploads\/2018\/08\/lornafamily2.jpg\" title=\"Jum l-Omm, 2018, Lorna ma&#039; ommha Marija, \u0127uha Alvin u t-tfal.  Mother\u2019s Day 2018, Lorna with her mother Maria, her brother Alvin and the kids.\" target=\"\">\r\n\t\t\t\t\t\t\t\t\t\t\t\t\t\t\t\t\t\t\t<\/a>\r\n\t\t\t\t\t\t\t\t<\/div>\t\t\t\t\t\t\t\t\r\n                            <\/div>\r\n                        <\/div>\r\n\t\t\t\t\t\t\t\t\t\t\t\t<div class=\"col-md-4 col-sm-6 wl-gallery\" data-src=\"http:\/\/vassallolorna.com\/web\/wp-content\/uploads\/2018\/08\/Pio-Vassallo-programm-elettorali-1-396x400.jpg\">\r\n\r\n                            <div class=\"img-box-shadow\">\r\n\r\n\t\t\t\t\t\t\t\t\r\n                                <a title=\"\" data-lightbox='swipebox_420' class=\"swipebox_420\"\r\n                                   href=\"http:\/\/vassallolorna.com\/web\/wp-content\/uploads\/2018\/08\/Pio-Vassallo-programm-elettorali-1.jpg\">\r\n                                    <div class=\"b-link-stroke b-animate-go\">\r\n                                        <img src=\"http:\/\/vassallolorna.com\/web\/wp-content\/uploads\/2018\/08\/Pio-Vassallo-programm-elettorali-1-396x400.jpg\" class=\"gall-img-responsive\"\r\n                                             alt=\"Pio Vassallo programm elettorali 1\"\/>\r\n                                    <\/div>\r\n                                <\/a>\r\n                                <!--Gallery Label-->\r\n\t\t\t\t\t\t\t\t<div class=\"slgf_home_portfolio_caption\">\r\n\t\t\t\t\t\t\t\t\t\t\t\t\t\t\t\t\t\t<a style=\"padding:5px; font-size:12px;background-color:;color : \" id=\"same_page\" data-lightbox='swipebox_420' class=\"read_more_btn swipebox_420\"\r\n                                   href=\"http:\/\/vassallolorna.com\/web\/wp-content\/uploads\/2018\/08\/Pio-Vassallo-programm-elettorali-1.jpg\" title=\"\" target=\"\">\r\n\t\t\t\t\t\t\t\t\t\t\t\t\t\t\t\t\t\t\t<\/a>\r\n\t\t\t\t\t\t\t\t<\/div>\t\t\t\t\t\t\t\t\r\n                            <\/div>\r\n                        <\/div>\r\n\t\t\t\t\t\t\t\t\t\t\t\t<div class=\"col-md-4 col-sm-6 wl-gallery\" data-src=\"http:\/\/vassallolorna.com\/web\/wp-content\/uploads\/2018\/08\/Travel-3-400x400.jpg\">\r\n\r\n                            <div class=\"img-box-shadow\">\r\n\r\n\t\t\t\t\t\t\t\t\r\n                                <a title=\"\" data-lightbox='swipebox_420' class=\"swipebox_420\"\r\n                                   href=\"http:\/\/vassallolorna.com\/web\/wp-content\/uploads\/2018\/08\/Travel-3.jpg\">\r\n                                    <div class=\"b-link-stroke b-animate-go\">\r\n                                        <img src=\"http:\/\/vassallolorna.com\/web\/wp-content\/uploads\/2018\/08\/Travel-3-400x400.jpg\" class=\"gall-img-responsive\"\r\n                                             alt=\"Travel 3\"\/>\r\n                                    <\/div>\r\n                                <\/a>\r\n                                <!--Gallery Label-->\r\n\t\t\t\t\t\t\t\t<div class=\"slgf_home_portfolio_caption\">\r\n\t\t\t\t\t\t\t\t\t\t\t\t\t\t\t\t\t\t<a style=\"padding:5px; font-size:12px;background-color:;color : \" id=\"same_page\" data-lightbox='swipebox_420' class=\"read_more_btn swipebox_420\"\r\n                                   href=\"http:\/\/vassallolorna.com\/web\/wp-content\/uploads\/2018\/08\/Travel-3.jpg\" title=\"\" target=\"\">\r\n\t\t\t\t\t\t\t\t\t\t\t\t\t\t\t\t\t\t\t<\/a>\r\n\t\t\t\t\t\t\t\t<\/div>\t\t\t\t\t\t\t\t\r\n                            <\/div>\r\n                        <\/div>\r\n\t\t\t\t\t\t\t\t\t\t\t\t<div class=\"col-md-4 col-sm-6 wl-gallery\" data-src=\"http:\/\/vassallolorna.com\/web\/wp-content\/uploads\/2018\/08\/Travel-Dali-384x400.jpg\">\r\n\r\n                            <div class=\"img-box-shadow\">\r\n\r\n\t\t\t\t\t\t\t\t\r\n                                <a title=\"\" data-lightbox='swipebox_420' class=\"swipebox_420\"\r\n                                   href=\"http:\/\/vassallolorna.com\/web\/wp-content\/uploads\/2018\/08\/Travel-Dali.jpg\">\r\n                                    <div class=\"b-link-stroke b-animate-go\">\r\n                                        <img src=\"http:\/\/vassallolorna.com\/web\/wp-content\/uploads\/2018\/08\/Travel-Dali-384x400.jpg\" class=\"gall-img-responsive\"\r\n                                             alt=\"Travel Dali\"\/>\r\n                                    <\/div>\r\n                                <\/a>\r\n                                <!--Gallery Label-->\r\n\t\t\t\t\t\t\t\t<div class=\"slgf_home_portfolio_caption\">\r\n\t\t\t\t\t\t\t\t\t\t\t\t\t\t\t\t\t\t<a style=\"padding:5px; font-size:12px;background-color:;color : \" id=\"same_page\" data-lightbox='swipebox_420' class=\"read_more_btn swipebox_420\"\r\n                                   href=\"http:\/\/vassallolorna.com\/web\/wp-content\/uploads\/2018\/08\/Travel-Dali.jpg\" title=\"\" target=\"\">\r\n\t\t\t\t\t\t\t\t\t\t\t\t\t\t\t\t\t\t\t<\/a>\r\n\t\t\t\t\t\t\t\t<\/div>\t\t\t\t\t\t\t\t\r\n                            <\/div>\r\n                        <\/div>\r\n\t\t\t\t\t\t\t\t\t\t\t\t<div class=\"col-md-4 col-sm-6 wl-gallery\" data-src=\"http:\/\/vassallolorna.com\/web\/wp-content\/uploads\/2018\/08\/Travels-2-400x400.jpg\">\r\n\r\n                            <div class=\"img-box-shadow\">\r\n\r\n\t\t\t\t\t\t\t\t\r\n                                <a title=\"\" data-lightbox='swipebox_420' class=\"swipebox_420\"\r\n                                   href=\"http:\/\/vassallolorna.com\/web\/wp-content\/uploads\/2018\/08\/Travels-2.jpg\">\r\n                                    <div class=\"b-link-stroke b-animate-go\">\r\n                                        <img src=\"http:\/\/vassallolorna.com\/web\/wp-content\/uploads\/2018\/08\/Travels-2-400x400.jpg\" class=\"gall-img-responsive\"\r\n                                             alt=\"Travels 2\"\/>\r\n                                    <\/div>\r\n                                <\/a>\r\n                                <!--Gallery Label-->\r\n\t\t\t\t\t\t\t\t<div class=\"slgf_home_portfolio_caption\">\r\n\t\t\t\t\t\t\t\t\t\t\t\t\t\t\t\t\t\t<a style=\"padding:5px; font-size:12px;background-color:;color : \" id=\"same_page\" data-lightbox='swipebox_420' class=\"read_more_btn swipebox_420\"\r\n                                   href=\"http:\/\/vassallolorna.com\/web\/wp-content\/uploads\/2018\/08\/Travels-2.jpg\" title=\"\" target=\"\">\r\n\t\t\t\t\t\t\t\t\t\t\t\t\t\t\t\t\t\t\t<\/a>\r\n\t\t\t\t\t\t\t\t<\/div>\t\t\t\t\t\t\t\t\r\n                            <\/div>\r\n                        <\/div>\r\n\t\t\t\t\t\t\t\t\t\t\t\t<div class=\"col-md-4 col-sm-6 wl-gallery\" data-src=\"http:\/\/vassallolorna.com\/web\/wp-content\/uploads\/2018\/08\/Travels-400x400.jpg\">\r\n\r\n                            <div class=\"img-box-shadow\">\r\n\r\n\t\t\t\t\t\t\t\t\r\n                                <a title=\"\" data-lightbox='swipebox_420' class=\"swipebox_420\"\r\n                                   href=\"http:\/\/vassallolorna.com\/web\/wp-content\/uploads\/2018\/08\/Travels.jpg\">\r\n                                    <div class=\"b-link-stroke b-animate-go\">\r\n                                        <img src=\"http:\/\/vassallolorna.com\/web\/wp-content\/uploads\/2018\/08\/Travels-400x400.jpg\" class=\"gall-img-responsive\"\r\n                                             alt=\"Travels\"\/>\r\n                                    <\/div>\r\n                                <\/a>\r\n                                <!--Gallery Label-->\r\n\t\t\t\t\t\t\t\t<div class=\"slgf_home_portfolio_caption\">\r\n\t\t\t\t\t\t\t\t\t\t\t\t\t\t\t\t\t\t<a style=\"padding:5px; font-size:12px;background-color:;color : \" id=\"same_page\" data-lightbox='swipebox_420' class=\"read_more_btn swipebox_420\"\r\n                                   href=\"http:\/\/vassallolorna.com\/web\/wp-content\/uploads\/2018\/08\/Travels.jpg\" title=\"\" target=\"\">\r\n\t\t\t\t\t\t\t\t\t\t\t\t\t\t\t\t\t\t\t<\/a>\r\n\t\t\t\t\t\t\t\t<\/div>\t\t\t\t\t\t\t\t\r\n                            <\/div>\r\n                        <\/div>\r\n\t\t\t\t\t\t            <\/div>\r\n\t\t    <\/div>\r\n\r\n    <!-- Swipe Box-->\r\n    \n","protected":false},"excerpt":{"rendered":"<p>[vc_row][vc_column][vc_gallery type=&#8221;image_grid&#8221; images=&#8221;349,354,359,351,348,357,358,355,356,353,346,347,350,352&#8243;][\/vc_column][\/vc_row]<\/p>\n","protected":false},"author":1,"featured_media":0,"parent":14,"menu_order":0,"comment_status":"closed","ping_status":"closed","template":"","meta":[],"_links":{"self":[{"href":"http:\/\/vassallolorna.com\/web\/wp-json\/wp\/v2\/pages\/322"}],"collection":[{"href":"http:\/\/vassallolorna.com\/web\/wp-json\/wp\/v2\/pages"}],"about":[{"href":"http:\/\/vassallolorna.com\/web\/wp-json\/wp\/v2\/types\/page"}],"author":[{"embeddable":true,"href":"http:\/\/vassallolorna.com\/web\/wp-json\/wp\/v2\/users\/1"}],"replies":[{"embeddable":true,"href":"http:\/\/vassallolorna.com\/web\/wp-json\/wp\/v2\/comments?post=322"}],"version-history":[{"count":24,"href":"http:\/\/vassallolorna.com\/web\/wp-json\/wp\/v2\/pages\/322\/revisions"}],"predecessor-version":[{"id":435,"href":"http:\/\/vassallolorna.com\/web\/wp-json\/wp\/v2\/pages\/322\/revisions\/435"}],"up":[{"embeddable":true,"href":"http:\/\/vassallolorna.com\/web\/wp-json\/wp\/v2\/pages\/14"}],"wp:attachment":[{"href":"http:\/\/vassallolorna.com\/web\/wp-json\/wp\/v2\/media?parent=322"}],"curies":[{"name":"wp","href":"https:\/\/api.w.org\/{rel}","templated":true}]}}